{"id":26,"date":"2022-11-10T16:40:10","date_gmt":"2022-11-10T14:40:10","guid":{"rendered":"https:\/\/eimpuls.ro\/home\/"},"modified":"2024-02-23T18:50:58","modified_gmt":"2024-02-23T16:50:58","slug":"prima-pagina","status":"publish","type":"page","link":"https:\/\/eimpuls.ro\/","title":{"rendered":"Prima pagina"},"content":{"rendered":"\n\n\n\n<h2>Descoper\u0103 abonamentele de la ImpulsTV pentru<br>cel mai rapid internet fix prin fibr\u0103 optic\u0103 si tv.<br><\/h2>\n\n\n\n\n\n<p><br><\/p>\n\n\n\n\n<p><br><\/p>\n\n\n\n\n<p><br><\/p>\n\n\n\n\n\n\n\n\n\n\n\n\n\n<h5>\n<\/h5><h2 itemprop=\"name\">&nbsp;Pentru activarea unui abonament de internet sau tv prin fibr\u0103 te a\u0219tept\u0103m la sediul ImpulsTV sau sun\u0103 la <\/h2>\n\n\n<h2 itemprop=\"name\"><a href=\"tel:0243 280 464\"><span class=\"pagelayer-phone\">0243 280 464<\/span><\/a> <br><\/h2>\n\n\n\n\n","protected":false},"excerpt":{"rendered":"","protected":false},"author":1,"featured_media":0,"parent":0,"menu_order":0,"comment_status":"closed","ping_status":"closed","template":"","meta":{"footnotes":""},"class_list":["post-26","page","type-page","status-publish","hentry"],"_links":{"self":[{"href":"https:\/\/eimpuls.ro\/index.php?rest_route=\/wp\/v2\/pages\/26","targetHints":{"allow":["GET"]}}],"collection":[{"href":"https:\/\/eimpuls.ro\/index.php?rest_route=\/wp\/v2\/pages"}],"about":[{"href":"https:\/\/eimpuls.ro\/index.php?rest_route=\/wp\/v2\/types\/page"}],"author":[{"embeddable":true,"href":"https:\/\/eimpuls.ro\/index.php?rest_route=\/wp\/v2\/users\/1"}],"replies":[{"embeddable":true,"href":"https:\/\/eimpuls.ro\/index.php?rest_route=%2Fwp%2Fv2%2Fcomments&post=26"}],"version-history":[{"count":28,"href":"https:\/\/eimpuls.ro\/index.php?rest_route=\/wp\/v2\/pages\/26\/revisions"}],"predecessor-version":[{"id":203,"href":"https:\/\/eimpuls.ro\/index.php?rest_route=\/wp\/v2\/pages\/26\/revisions\/203"}],"wp:attachment":[{"href":"https:\/\/eimpuls.ro\/index.php?rest_route=%2Fwp%2Fv2%2Fmedia&parent=26"}],"curies":[{"name":"wp","href":"https:\/\/api.w.org\/{rel}","templated":true}]}}